{"id":78,"date":"2023-05-23T07:41:47","date_gmt":"2023-05-23T07:41:47","guid":{"rendered":"https:\/\/trekanten.danmarksveteraner.dk\/?page_id=78"},"modified":"2023-05-23T07:41:48","modified_gmt":"2023-05-23T07:41:48","slug":"persondatapolitik","status":"publish","type":"page","link":"https:\/\/trekanten.danmarksveteraner.dk\/index.php\/persondatapolitik\/","title":{"rendered":"Persondatapolitik"},"content":{"rendered":"\n<p>Lokalforening Trekantsomr\u00e5det efterlever Danmarks Veteraners persondatapolitik. Du kan l\u00e6se persondatapolitikken p\u00e5 dette\u00a0<strong><a rel=\"noreferrer noopener\" href=\"https:\/\/danmarksveteraner.dk\/wordpress\/?page_id=3714\" target=\"_blank\">LINK<\/a><\/strong><\/p>\n","protected":false},"excerpt":{"rendered":"<p>Lokalforening Trekantsomr\u00e5det efterlever Danmarks Veteraners persondatapolitik. Du kan l\u00e6se persondatapolitikken p\u00e5 dette\u00a0LINK<\/p>\n","protected":false},"author":1,"featured_media":0,"parent":0,"menu_order":0,"comment_status":"closed","ping_status":"closed","template":"","meta":{"two_page_speed":[],"footnotes":""},"class_list":["post-78","page","type-page","status-publish","hentry"],"_links":{"self":[{"href":"https:\/\/trekanten.danmarksveteraner.dk\/index.php\/wp-json\/wp\/v2\/pages\/78","targetHints":{"allow":["GET"]}}],"collection":[{"href":"https:\/\/trekanten.danmarksveteraner.dk\/index.php\/wp-json\/wp\/v2\/pages"}],"about":[{"href":"https:\/\/trekanten.danmarksveteraner.dk\/index.php\/wp-json\/wp\/v2\/types\/page"}],"author":[{"embeddable":true,"href":"https:\/\/trekanten.danmarksveteraner.dk\/index.php\/wp-json\/wp\/v2\/users\/1"}],"replies":[{"embeddable":true,"href":"https:\/\/trekanten.danmarksveteraner.dk\/index.php\/wp-json\/wp\/v2\/comments?post=78"}],"version-history":[{"count":1,"href":"https:\/\/trekanten.danmarksveteraner.dk\/index.php\/wp-json\/wp\/v2\/pages\/78\/revisions"}],"predecessor-version":[{"id":79,"href":"https:\/\/trekanten.danmarksveteraner.dk\/index.php\/wp-json\/wp\/v2\/pages\/78\/revisions\/79"}],"wp:attachment":[{"href":"https:\/\/trekanten.danmarksveteraner.dk\/index.php\/wp-json\/wp\/v2\/media?parent=78"}],"curies":[{"name":"wp","href":"https:\/\/api.w.org\/{rel}","templated":true}]}}