{"id":72,"date":"2023-05-23T07:26:43","date_gmt":"2023-05-23T07:26:43","guid":{"rendered":"https:\/\/trekanten.danmarksveteraner.dk\/?page_id=72"},"modified":"2023-05-23T07:48:59","modified_gmt":"2023-05-23T07:48:59","slug":"kontakt","status":"publish","type":"page","link":"https:\/\/trekanten.danmarksveteraner.dk\/index.php\/kontakt\/","title":{"rendered":"Kontakt"},"content":{"rendered":"\n<p>\u00d8nsker du at melde dig ind i Danmarks Veteraner, \u00e6ndre dine kontaktoplysninger som medlem eller komme i kontakt med landsforeningen, s\u00e5 er der nogle nyttige links herunder.<\/p>\n\n\n\n<ul class=\"wp-block-list\">\n<li><strong><a rel=\"noreferrer noopener\" href=\"https:\/\/danmarksveteraner.dk\/bliv-medlem\/\" target=\"_blank\">Indmeldelse i foreningen<\/a><\/strong><\/li>\n\n\n\n<li><strong><a href=\"https:\/\/danmarksveteraner.dk\/kontakt\/\" target=\"_blank\" rel=\"noreferrer noopener\">Kontakt til landsforeningen<\/a><\/strong><\/li>\n<\/ul>\n\n\n\n<p>Har du sp\u00f8rgsm\u00e5l til dit medlemsskab eller praktiske forhold omkring opkr\u00e6vning og tilmelding, bedes du kontakte kartoteksf\u00f8rer Mads Tonsgaard p\u00e5 telefon 31 11 17 89 eller\u00a0<a href=\"mailto:kartotek@danmarksveteraner.dk\">kartotek@danmarksveteraner.dk<\/a><\/p>\n\n\n\n<p>\u00d8nsker du at komme i kontakt med Lokalforeningen s\u00e5 udfyld nedenst\u00e5ende formular og tryk p\u00e5 SEND.<\/p>\n\n\n\n<div style=\"display:none\" class=\"fm-form-container fm-theme9\"><div id=\"fm-pages1\" class=\"fm-pages wdform_page_navigation \" show_title=\"\" show_numbers=\"1\" type=\"none\"><\/div><form name=\"form1\" action=\"\/index.php\/wp-json\/wp\/v2\/pages\/72\" method=\"post\" id=\"form1\" class=\"fm-form form1  \" enctype=\"multipart\/form-data\"><input type=\"hidden\" id=\"fm_page_id1\" value=\"72\" name=\"fm_page_id1\" \/><input type=\"hidden\" id=\"fm_current_post_type1\" value=\"page\" name=\"fm_current_post_type1\" \/><input type=\"hidden\" id=\"counter1\" value=\"7\" name=\"counter1\" \/><input type=\"hidden\" id=\"Itemid1\" value=\"\" name=\"Itemid1\" \/><input type=\"hidden\" id=\"fm_shake1\" value=\"1\" name=\"fm_shake1\" \/><input type=\"text\" class=\"fm-hide\" id=\"fm_empty_field_validation1\" value=\"\" name=\"fm_empty_field_validation1\" data-value=\"bd736efb144d599cf463541431fbf5c4\" \/><div class=\"fm-header-bg\"><div class=\"fm-header image_left_right\"><div class=\"fm-header-text\">          <div class=\"fm-header-title\">            Kontakt lokalforeningen          <\/div>          <div class=\"fm-header-description\">            Tryk kun en gang p\u00e5 send, der kan godt g\u00e5 et par sekunder inden din besked er sendt. Du vil modtage en besked n\u00e5r dette er sket p\u00e5 din sk\u00e6rm.          <\/div>        <\/div><\/div><\/div><div class=\"wdform-page-and-images fm-form-builder\"><div id=\"1form_view1\" class=\"wdform_page\" page_title=\"Untitled page\" next_title=\"Next\" next_type=\"text\" next_class=\"wdform-page-button\" next_checkable=\"true\" previous_title=\"Previous\" previous_type=\"text\" previous_class=\"wdform-page-button\" previous_checkable=\"false\"><div class=\"wdform_section\"><div class=\"wdform_column\"><div wdid=\"2\" class=\"wdform_row\"><div type=\"type_text\" class=\"wdform-field wd-width-100 wd-flex wd-flex-column fm-type_text\" ><div class=\"wdform-label-section wd-width-100  wd-flex-row wd-align-items-center\">    <label  for=\"wdform_2_element1\" class=\"wdform-label\">Navn<\/label><span class=\"wdform-required\">*<\/span><\/div><div class=\"wdform-element-section wd-flex  wd-flex-row wd-align-items-center wd-width-100\" style=\"max-width: 300px;\"><input type=\"text\"                           class=\"wd-width-100\"                           id=\"wdform_2_element1\"                           name=\"wdform_2_element1\"                           value=\"\"                           data-value=\"\"                           title=\"\"                           placeholder=\"\"                                                       \/><\/div><\/div><\/div><\/div><div class=\"wdform_column\"><div wdid=\"3\" class=\"wdform_row\"><div type=\"type_submitter_mail\" class=\"wdform-field wd-width-100 wd-flex wd-flex-column fm-type_submitter_mail\" ><div class=\"wdform-label-section wd-width-100  wd-flex-row\">    <label  for=\"wdform_3_element1\" class=\"wdform-label\">Email<\/label><span class=\"wdform-required\">*<\/span><\/div><div class=\"wdform-element-section wd-flex  wd-flex-row wd-width-100\" style=\"max-width: 300px;\"><input type=\"text\" class=\"wd-width-100\" id=\"wdform_3_element1\" name=\"wdform_3_element1\" data-value=\"\" value=\"\" title=\"\" placeholder=\"\"   onchange=\"wd_check_email('3', '1', 'Dette er ikke en gyldig e-mail-adresse.'); wd_check_confirmation_email('3', '1', 'The email addresses don\\'t match')\" \/><\/div><\/div><div type=\"type_submitter_mail\" class=\"wdform-field wd-width-100 wd-flex wd-flex-column fm-type_submitter_mail\" ><div class=\"wdform-label-section wd-width-100  wd-flex-row\">    <label  for=\"wdform_3_1_element1\" class=\"wdform-label\">Bekr\u00e6ft Email<\/label><span class=\"wdform-required\">*<\/span><\/div><div class=\"wdform-element-section wd-flex  wd-flex-row wd-width-100\" style=\"max-width: 300px;\"><input type=\"text\" class=\"wd-width-100\" id=\"wdform_3_1_element1\" name=\"wdform_3_1_element1\" placeholder=\"\" title=\"\"   onchange=\"wd_check_confirmation_email('3', '1', 'The email addresses don\\'t match')\" \/><\/div><\/div><\/div><\/div><div class=\"wdform_column\"><div wdid=\"4\" class=\"wdform_row\"><div type=\"type_text\" class=\"wdform-field wd-width-100 wd-flex wd-flex-column fm-type_text\" ><div class=\"wdform-label-section wd-width-100  wd-flex-row wd-align-items-center\">    <label  for=\"wdform_4_element1\" class=\"wdform-label\">Emne<\/label><span class=\"wdform-required\">*<\/span><\/div><div class=\"wdform-element-section wd-flex  wd-flex-row wd-align-items-center wd-width-100\" style=\"max-width: 300px;\"><input type=\"text\"                           class=\"wd-width-100\"                           id=\"wdform_4_element1\"                           name=\"wdform_4_element1\"                           value=\"\"                           data-value=\"\"                           title=\"\"                           placeholder=\"\"                                                       \/><\/div><\/div><\/div><\/div><div class=\"wdform_column\"><div wdid=\"5\" class=\"wdform_row\"><div type=\"type_textarea\" class=\"wdform-field wd-width-100 wd-flex wd-flex-column fm-type_textarea\" ><div class=\"wdform-label-section wd-width-100 \">    <label  for=\"wdform_5_element1\" class=\"wdform-label\">Besked<\/label><span class=\"wdform-required\">*<\/span><\/div><div class=\"wdform-element-section wd-flex  wd-width-100\" style=\"max-width: 300px;\"><textarea class=\"wd-width-100\"                      id=\"wdform_5_element1\"                      name=\"wdform_5_element1\"                      placeholder=\"\"                      data-value=\"\"                      maxlength=\"\"                      style=\"height: 200px;\"                      ><\/textarea><\/div><\/div><\/div><\/div><div class=\"wdform_column\"><div wdid=\"6\" class=\"wdform_row\"><div type=\"type_arithmetic_captcha\" class=\"wdform-field wd-width-100 wd-flex wd-flex-column fm-type_arithmetic_captcha\" ><div class=\"wdform-label-section wd-width-100  wd-flex-row wd-align-items-center\">    <label  for=\"wd_arithmetic_captcha_input1\" class=\"wdform-label\">Skriv resultatet af regnestykket<\/label><\/div><div class=\"wdform-element-section wd-flex  wd-flex-row wd-align-items-center wd-width-100\" ><img decoding=\"async\" type=\"captcha\"                          operations_count=\"1\"                          operations=\"+, -\"                          src=\"https:\/\/trekanten.danmarksveteraner.dk\/wp-admin\/admin-ajax.php?action=formmakerwdmathcaptcha&operations_count=1&operations=%2B%2C+-&i=1\"                          id=\"wd_arithmetic_captcha1\"                          class=\"arithmetic_captcha_img\"                           \/><div class=\"captcha_refresh\" id=\"_element_refresh1\" ><\/div><input type=\"text\"                              class=\"arithmetic_captcha_input\"                              id=\"wd_arithmetic_captcha_input1\"                              name=\"arithmetic_captcha_input\"                              onkeypress=\"return check_isnum(event)\"                              style=\"width: 60px;\"                               \/><\/div><\/div><\/div><\/div><div class=\"wdform_column\"><div wdid=\"1\" class=\"wdform_row\" style=\"position: relative; left: 0px; top: 0px;\"><div type=\"type_submit_reset\" class=\"wdform-field wd-width-100 wd-flex wd-flex-column fm-type_submit_reset\" ><div class=\"wdform-element-section wd-flex  wd-flex-row wd-justify-content-left wd-width-100\" ><button  type=\"button\" class=\"button-submit\" onclick=\"fm_submit_form('1');\"  data-ajax=\"0\"><span class=\"fm-submit-loading spinner fm-ico-spinner\"><\/span>SEND<\/button><button  type=\"button\" class=\"button-reset wd-hidden\" onclick=\"fm_reset_form(1);\" >Reset<\/button><\/div><\/div><\/div><\/div><\/div><div valign=\"top\" class=\"wdform_footer wd-width-100\"><div class=\"wd-width-100\"><div class=\"wd-width-100 wd-table\" style=\"padding-top:10px;\"><div class=\"wd-table-group\"><div id=\"1page_nav1\" class=\"wd-table-row\"><\/div><\/div><\/div><\/div><\/div><\/div><\/div><div class=\"wdform_preload\"><\/div><input type=\"hidden\" name=\"fm-current-page\" value=\"https:\/\/trekanten.danmarksveteraner.dk\/index.php\/wp-json\/wp\/v2\/pages\/72\" \/><\/form><\/div>\n","protected":false},"excerpt":{"rendered":"<p>\u00d8nsker du at melde dig ind i Danmarks Veteraner, \u00e6ndre dine kontaktoplysninger som medlem eller komme i kontakt med landsforeningen,<\/p>\n","protected":false},"author":1,"featured_media":0,"parent":0,"menu_order":0,"comment_status":"closed","ping_status":"closed","template":"","meta":{"two_page_speed":[],"footnotes":""},"class_list":["post-72","page","type-page","status-publish","hentry"],"_links":{"self":[{"href":"https:\/\/trekanten.danmarksveteraner.dk\/index.php\/wp-json\/wp\/v2\/pages\/72","targetHints":{"allow":["GET"]}}],"collection":[{"href":"https:\/\/trekanten.danmarksveteraner.dk\/index.php\/wp-json\/wp\/v2\/pages"}],"about":[{"href":"https:\/\/trekanten.danmarksveteraner.dk\/index.php\/wp-json\/wp\/v2\/types\/page"}],"author":[{"embeddable":true,"href":"https:\/\/trekanten.danmarksveteraner.dk\/index.php\/wp-json\/wp\/v2\/users\/1"}],"replies":[{"embeddable":true,"href":"https:\/\/trekanten.danmarksveteraner.dk\/index.php\/wp-json\/wp\/v2\/comments?post=72"}],"version-history":[{"count":4,"href":"https:\/\/trekanten.danmarksveteraner.dk\/index.php\/wp-json\/wp\/v2\/pages\/72\/revisions"}],"predecessor-version":[{"id":83,"href":"https:\/\/trekanten.danmarksveteraner.dk\/index.php\/wp-json\/wp\/v2\/pages\/72\/revisions\/83"}],"wp:attachment":[{"href":"https:\/\/trekanten.danmarksveteraner.dk\/index.php\/wp-json\/wp\/v2\/media?parent=72"}],"curies":[{"name":"wp","href":"https:\/\/api.w.org\/{rel}","templated":true}]}}