{"id":126,"date":"2023-05-24T09:59:12","date_gmt":"2023-05-24T07:59:12","guid":{"rendered":"https:\/\/trekanten.danmarksveteraner.dk\/?page_id=126"},"modified":"2023-05-25T09:41:28","modified_gmt":"2023-05-25T07:41:28","slug":"arrangementer","status":"publish","type":"page","link":"https:\/\/trekanten.danmarksveteraner.dk\/index.php\/arrangementer\/","title":{"rendered":"Arrangementer"},"content":{"rendered":"\n<h3 class=\"wp-block-heading\">P\u00e5 denne side offentligg\u00f8res arrangementer der gennemf\u00f8res af lokalforeningen. Indtil videre er det &#8220;kun&#8221; en simpel liste<\/h3>\n\n\n\n<hr class=\"wp-block-separator has-text-color has-vivid-red-color has-alpha-channel-opacity has-vivid-red-background-color has-background is-style-wide\"\/>\n\n\n\n<h2 class=\"wp-block-heading\">7. september 2023<\/h2>\n\n\n\n<h2 class=\"wp-block-heading\">Bowling<\/h2>\n\n\n<div class=\"wp-block-image\">\n<figure class=\"aligncenter size-full\"><img loading=\"lazy\" decoding=\"async\" width=\"512\" height=\"512\" src=\"https:\/\/trekanten.danmarksveteraner.dk\/wp-content\/uploads\/2023\/05\/02e2fc66d425484d93faef8c7dc84832-512x512-1.jpeg\" alt=\"\" class=\"wp-image-85\" srcset=\"https:\/\/trekanten.danmarksveteraner.dk\/wp-content\/uploads\/2023\/05\/02e2fc66d425484d93faef8c7dc84832-512x512-1.jpeg 512w, https:\/\/trekanten.danmarksveteraner.dk\/wp-content\/uploads\/2023\/05\/02e2fc66d425484d93faef8c7dc84832-512x512-1-300x300.jpeg 300w, https:\/\/trekanten.danmarksveteraner.dk\/wp-content\/uploads\/2023\/05\/02e2fc66d425484d93faef8c7dc84832-512x512-1-150x150.jpeg 150w\" sizes=\"auto, (max-width: 512px) 100vw, 512px\" \/><\/figure>\n<\/div>\n\n\n<p><strong>Program<\/strong><\/p>\n\n\n\n<p>Vi m\u00f8des kl. 17:45 til velkomst og udlevering af sko<br>Fra kl. 18:00 til 19:00 spille vi en omgang Bowling<br>Fra kl. 19:00 spiser vi Big Time Grillbuffet og f\u00e5r hygget og snakket rigtig meget<\/p>\n\n\n\n<p>Alt dette forg\u00e5r p\u00e5 <br><a rel=\"noreferrer noopener\" href=\"https:\/\/www.bing.com\/ck\/a?!&amp;&amp;p=14a08b156d98bed8JmltdHM9MTY4NDg4NjQwMCZpZ3VpZD0xNTdlODk3NS1kMTg4LTY4OTAtMzY4OC05YTZjZDBlMzY5MDQmaW5zaWQ9NTQ5Mw&amp;ptn=3&amp;hsh=3&amp;fclid=157e8975-d188-6890-3688-9a6cd0e36904&amp;psq=bowl+a+fun+vejle&amp;u=a1aHR0cHM6Ly9ib3dsbmZ1bi5kay8&amp;ntb=1\" target=\"_blank\">Bowl&#8217;n&#8217;Fun<\/a> <br>Enghavevej 9B <br>7100 Vejle<\/p>\n\n\n\n<p>Deltager gebyr for hele denne chance til en pris p\u00e5 100,00 kr. som skal betales ved tilmeldingen p\u00e5 konto 0758-3231436315<\/p>\n\n\n\n<p>Tilmelding frist er Mandag den 21 august 2023 p\u00e5 Mail <a href=\"mailto:trekanten@danmarksveteraner.dk\">trekanten@danmarksveteraner.dk<\/a><\/p>\n","protected":false},"excerpt":{"rendered":"<p>P\u00e5 denne side offentligg\u00f8res arrangementer der gennemf\u00f8res af lokalforeningen. Indtil videre er det &#8220;kun&#8221; en simpel liste 7. september 2023<\/p>\n","protected":false},"author":1,"featured_media":0,"parent":0,"menu_order":0,"comment_status":"closed","ping_status":"closed","template":"","meta":{"two_page_speed":[],"footnotes":""},"class_list":["post-126","page","type-page","status-publish","hentry"],"_links":{"self":[{"href":"https:\/\/trekanten.danmarksveteraner.dk\/index.php\/wp-json\/wp\/v2\/pages\/126","targetHints":{"allow":["GET"]}}],"collection":[{"href":"https:\/\/trekanten.danmarksveteraner.dk\/index.php\/wp-json\/wp\/v2\/pages"}],"about":[{"href":"https:\/\/trekanten.danmarksveteraner.dk\/index.php\/wp-json\/wp\/v2\/types\/page"}],"author":[{"embeddable":true,"href":"https:\/\/trekanten.danmarksveteraner.dk\/index.php\/wp-json\/wp\/v2\/users\/1"}],"replies":[{"embeddable":true,"href":"https:\/\/trekanten.danmarksveteraner.dk\/index.php\/wp-json\/wp\/v2\/comments?post=126"}],"version-history":[{"count":8,"href":"https:\/\/trekanten.danmarksveteraner.dk\/index.php\/wp-json\/wp\/v2\/pages\/126\/revisions"}],"predecessor-version":[{"id":143,"href":"https:\/\/trekanten.danmarksveteraner.dk\/index.php\/wp-json\/wp\/v2\/pages\/126\/revisions\/143"}],"wp:attachment":[{"href":"https:\/\/trekanten.danmarksveteraner.dk\/index.php\/wp-json\/wp\/v2\/media?parent=126"}],"curies":[{"name":"wp","href":"https:\/\/api.w.org\/{rel}","templated":true}]}}